{"id":183,"date":"2024-01-26T14:08:22","date_gmt":"2024-01-26T13:08:22","guid":{"rendered":"https:\/\/parcsataimes.com\/?page_id=183"},"modified":"2025-01-29T10:16:45","modified_gmt":"2025-01-29T09:16:45","slug":"tops-stats-et-autres-trucs-qui-se-comptent","status":"publish","type":"page","link":"https:\/\/parcsataimes.com\/index.php\/tops-stats-et-autres-trucs-qui-se-comptent\/","title":{"rendered":"Tops, Stats et autres trucs qui se comptent"},"content":{"rendered":"\n<div class=\"wp-block-media-text is-stacked-on-mobile is-vertically-aligned-top\" style=\"grid-template-columns:15% auto\"><figure class=\"wp-block-media-text__media\"><img loading=\"lazy\" decoding=\"async\" width=\"768\" height=\"1024\" src=\"https:\/\/parcsataimes.com\/wp-content\/uploads\/2024\/01\/358768837_285598633965791_7084463575158877503_n-768x1024.jpg\" alt=\"\" class=\"wp-image-186 size-full\" srcset=\"https:\/\/parcsataimes.com\/wp-content\/uploads\/2024\/01\/358768837_285598633965791_7084463575158877503_n-768x1024.jpg 768w, https:\/\/parcsataimes.com\/wp-content\/uploads\/2024\/01\/358768837_285598633965791_7084463575158877503_n-225x300.jpg 225w, https:\/\/parcsataimes.com\/wp-content\/uploads\/2024\/01\/358768837_285598633965791_7084463575158877503_n-1152x1536.jpg 1152w, https:\/\/parcsataimes.com\/wp-content\/uploads\/2024\/01\/358768837_285598633965791_7084463575158877503_n.jpg 1536w\" sizes=\"auto, (max-width: 768px) 100vw, 768px\" \/><\/figure><div class=\"wp-block-media-text__content\">\n<p><\/p>\n\n\n\n<h2 class=\"wp-block-heading has-medium-font-size\"><strong>A fin 2024, voici mes compteurs :<\/strong><\/h2>\n\n\n\n<p class=\"has-medium-font-size\">Coaster Count : <strong>189 Cr\u00e9dits<\/strong> (Sans les disco ou les flumes)<\/p>\n\n\n\n<p class=\"has-medium-font-size\">Park Count : <strong>36 Parcs<\/strong><\/p>\n<\/div><\/div>\n\n\n\n<hr class=\"wp-block-separator has-alpha-channel-opacity\"\/>\n\n\n\n<div class=\"wp-block-media-text is-stacked-on-mobile is-vertically-aligned-top\" style=\"grid-template-columns:15% auto\"><figure class=\"wp-block-media-text__media\"><img loading=\"lazy\" decoding=\"async\" width=\"612\" height=\"408\" src=\"https:\/\/parcsataimes.com\/wp-content\/uploads\/2024\/01\/istockphoto-1263445363-612x612-1.jpg\" alt=\"\" class=\"wp-image-189 size-full\" srcset=\"https:\/\/parcsataimes.com\/wp-content\/uploads\/2024\/01\/istockphoto-1263445363-612x612-1.jpg 612w, https:\/\/parcsataimes.com\/wp-content\/uploads\/2024\/01\/istockphoto-1263445363-612x612-1-300x200.jpg 300w\" sizes=\"auto, (max-width: 612px) 100vw, 612px\" \/><\/figure><div class=\"wp-block-media-text__content\">\n<h2 class=\"wp-block-heading\"><strong>Mon top coaster \u00e0 fin 2023.<\/strong><\/h2>\n\n\n\n<p>Pour effectuer ce classement, ma m\u00e9thode est assez classique. Je compare chaque coaster avec tous les autres. Une sorte de duel donc. Le gagnant d&rsquo;un duel gagne un point, le perdant n&rsquo;en gagne pas. A la fin, le coaster qui a remport\u00e9 le plus de duels remporte la premi\u00e8re place et ainsi de suite &#8230;<\/p>\n\n\n\n<figure class=\"wp-block-table\"><table><thead><tr><th class=\"has-text-align-center\" data-align=\"center\">Place<\/th><th>Coaster<\/th><th class=\"has-text-align-center\" data-align=\"center\">Points<\/th><\/tr><\/thead><tbody><tr><td class=\"has-text-align-center\" data-align=\"center\">1<\/td><td><strong>The Ride to Happiness<\/strong><\/td><td class=\"has-text-align-center\" data-align=\"center\">129<\/td><\/tr><tr><td class=\"has-text-align-center\" data-align=\"center\">2<\/td><td>Taron<\/td><td class=\"has-text-align-center\" data-align=\"center\">127<\/td><\/tr><tr><td class=\"has-text-align-center\" data-align=\"center\">3<\/td><td>Schwur des K\u00e4rnan<\/td><td class=\"has-text-align-center\" data-align=\"center\">125<\/td><\/tr><tr><td class=\"has-text-align-center\" data-align=\"center\">4<\/td><td>Kondaa<\/td><td class=\"has-text-align-center\" data-align=\"center\">123<\/td><\/tr><tr><td class=\"has-text-align-center\" data-align=\"center\">5<\/td><td>Toutatis<\/td><td class=\"has-text-align-center\" data-align=\"center\">121<\/td><\/tr><tr><td class=\"has-text-align-center\" data-align=\"center\">6<\/td><td>Expedition GeForce<\/td><td class=\"has-text-align-center\" data-align=\"center\">117<\/td><\/tr><tr><td class=\"has-text-align-center\" data-align=\"center\">7<\/td><td>Dragon Khan<\/td><td class=\"has-text-align-center\" data-align=\"center\">117<\/td><\/tr><tr><td class=\"has-text-align-center\" data-align=\"center\">8<\/td><td>Shambhala<\/td><td class=\"has-text-align-center\" data-align=\"center\">115<\/td><\/tr><tr><td class=\"has-text-align-center\" data-align=\"center\">9<\/td><td>Colossos<\/td><td class=\"has-text-align-center\" data-align=\"center\">115<\/td><\/tr><tr><td class=\"has-text-align-center\" data-align=\"center\">10<\/td><td>Black Mamba<\/td><td class=\"has-text-align-center\" data-align=\"center\">109<\/td><\/tr><tr><td class=\"has-text-align-center\" data-align=\"center\">11<\/td><td>Untamed<\/td><td class=\"has-text-align-center\" data-align=\"center\">107<\/td><\/tr><tr><td class=\"has-text-align-center\" data-align=\"center\">12<\/td><td>Imst Alpine Coaster<\/td><td class=\"has-text-align-center\" data-align=\"center\">107<\/td><\/tr><tr><td class=\"has-text-align-center\" data-align=\"center\">13<\/td><td>Troy<\/td><td class=\"has-text-align-center\" data-align=\"center\">105<\/td><\/tr><tr><td class=\"has-text-align-center\" data-align=\"center\">14<\/td><td>Fenix<\/td><td class=\"has-text-align-center\" data-align=\"center\">101<\/td><\/tr><tr><td class=\"has-text-align-center\" data-align=\"center\">15<\/td><td>OzIris<\/td><td class=\"has-text-align-center\" data-align=\"center\">101<\/td><\/tr><tr><td class=\"has-text-align-center\" data-align=\"center\">16<\/td><td>Flucht von Novgorod<\/td><td class=\"has-text-align-center\" data-align=\"center\">99<\/td><\/tr><tr><td class=\"has-text-align-center\" data-align=\"center\">17<\/td><td>Hals-uber-Koph<\/td><td class=\"has-text-align-center\" data-align=\"center\">97<\/td><\/tr><tr><td class=\"has-text-align-center\" data-align=\"center\">18<\/td><td>Goliath<\/td><td class=\"has-text-align-center\" data-align=\"center\">93<\/td><\/tr><tr><td class=\"has-text-align-center\" data-align=\"center\">19<\/td><td>Flug der D\u00e4monen<\/td><td class=\"has-text-align-center\" data-align=\"center\">93<\/td><\/tr><tr><td class=\"has-text-align-center\" data-align=\"center\">20<\/td><td>Silver Star<\/td><td class=\"has-text-align-center\" data-align=\"center\">87<\/td><\/tr><\/tbody><\/table><\/figure>\n<\/div><\/div>\n\n\n\n<hr class=\"wp-block-separator has-alpha-channel-opacity\"\/>\n\n\n\n<div class=\"wp-block-media-text is-stacked-on-mobile is-vertically-aligned-top\" style=\"grid-template-columns:15% auto\"><figure class=\"wp-block-media-text__media\"><img loading=\"lazy\" decoding=\"async\" width=\"613\" height=\"613\" src=\"https:\/\/parcsataimes.com\/wp-content\/uploads\/2024\/01\/parkviusits.jpg\" alt=\"\" class=\"wp-image-320 size-full\" srcset=\"https:\/\/parcsataimes.com\/wp-content\/uploads\/2024\/01\/parkviusits.jpg 613w, https:\/\/parcsataimes.com\/wp-content\/uploads\/2024\/01\/parkviusits-300x300.jpg 300w, https:\/\/parcsataimes.com\/wp-content\/uploads\/2024\/01\/parkviusits-150x150.jpg 150w\" sizes=\"auto, (max-width: 613px) 100vw, 613px\" \/><\/figure><div class=\"wp-block-media-text__content\">\n<h2 class=\"wp-block-heading\"><strong>Mes visites de parcs en  2024<\/strong><\/h2>\n\n\n\n<p>Un peu moins de visites que les ann\u00e9es pr\u00e9c\u00e9dente, mais j&rsquo;ai l&rsquo;excuse d&rsquo;\u00eatre maintenant \u00e0 l&rsquo;universit\u00e9 et donc avec un peu moins de temps libres<\/p>\n\n\n\n<figure class=\"wp-block-table\"><table class=\"has-fixed-layout\"><tbody><tr><td>Bobbejaanland<\/td><td>07\/04\/2024<\/td><\/tr><tr><td>Tripsdrill<\/td><td>30\/06\/2024<\/td><\/tr><tr><td>Nigloland<\/td><td>22\/07\/2024<\/td><\/tr><tr><td>Tatranska Lomnica <sup>new<\/sup><\/td><td>06\/08\/2024<\/td><\/tr><tr><td>Czorsztyn-ski <sup>new<\/sup><\/td><td>07\/08\/2024<\/td><\/tr><tr><td>Energylandia <sup>new<\/sup><\/td><td>10\/08\/2024<\/td><\/tr><tr><td>Energylandia<\/td><td>11\/08\/2024<\/td><\/tr><tr><td>Energylandia<\/td><td>12\/08\/2024<\/td><\/tr><tr><td>Walibi Belgium<\/td><td>13\/10\/2024<\/td><\/tr><tr><td>Walibi Belgium<\/td><td>15\/12\/2024<\/td><\/tr><\/tbody><\/table><\/figure>\n<\/div><\/div>\n","protected":false},"excerpt":{"rendered":"<p>A fin 2024, voici mes compteurs : Coaster Count : 189 Cr\u00e9dits (Sans les disco ou les flumes) Park Count : 36 Parcs Mon top coaster \u00e0 fin 2023. Pour&hellip; <\/p>\n","protected":false},"author":1,"featured_media":0,"parent":0,"menu_order":0,"comment_status":"closed","ping_status":"closed","template":"","meta":{"advgb_blocks_editor_width":"","advgb_blocks_columns_visual_guide":"","iawp_total_views":6,"footnotes":""},"class_list":["post-183","page","type-page","status-publish","hentry"],"coauthors":[],"author_meta":{"author_link":"https:\/\/parcsataimes.com\/index.php\/author\/admin1324\/","display_name":"La r\u00e9daction"},"relative_dates":{"created":"Publi\u00e9 2 ans il y a","modified":"Mis \u00e0 jour 1 an il y a"},"absolute_dates":{"created":"Publi\u00e9 le 26 janvier 2024","modified":"Mise \u00e0 jour le 29 janvier 2025"},"absolute_dates_time":{"created":"Publi\u00e9 le 26 janvier 2024 14h08","modified":"Mise \u00e0 jour le 29 janvier 2025 10h16"},"featured_img_caption":"","featured_img":false,"series_order":"","_links":{"self":[{"href":"https:\/\/parcsataimes.com\/index.php\/wp-json\/wp\/v2\/pages\/183","targetHints":{"allow":["GET"]}}],"collection":[{"href":"https:\/\/parcsataimes.com\/index.php\/wp-json\/wp\/v2\/pages"}],"about":[{"href":"https:\/\/parcsataimes.com\/index.php\/wp-json\/wp\/v2\/types\/page"}],"author":[{"embeddable":true,"href":"https:\/\/parcsataimes.com\/index.php\/wp-json\/wp\/v2\/users\/1"}],"replies":[{"embeddable":true,"href":"https:\/\/parcsataimes.com\/index.php\/wp-json\/wp\/v2\/comments?post=183"}],"version-history":[{"count":14,"href":"https:\/\/parcsataimes.com\/index.php\/wp-json\/wp\/v2\/pages\/183\/revisions"}],"predecessor-version":[{"id":1540,"href":"https:\/\/parcsataimes.com\/index.php\/wp-json\/wp\/v2\/pages\/183\/revisions\/1540"}],"wp:attachment":[{"href":"https:\/\/parcsataimes.com\/index.php\/wp-json\/wp\/v2\/media?parent=183"}],"curies":[{"name":"wp","href":"https:\/\/api.w.org\/{rel}","templated":true}]}}