{"id":2,"date":"2024-01-15T15:55:29","date_gmt":"2024-01-15T14:55:29","guid":{"rendered":"http:\/\/parcsataimes.com\/?page_id=2"},"modified":"2025-01-25T16:42:32","modified_gmt":"2025-01-25T15:42:32","slug":"qui","status":"publish","type":"page","link":"https:\/\/parcsataimes.com\/index.php\/qui\/","title":{"rendered":"Qui sommes nous ?"},"content":{"rendered":"\n<p>Bonjour ! Nous sommes Lucas et Didier et si vous \u00eates ici c&rsquo;est que vous savez d\u00e9j\u00e0 que nous sommes fan de parcs d&rsquo;attraction ou animaliers. Depuis maintenant quelques ann\u00e9es, nous visitons les parcs europ\u00e9ens et avons lanc\u00e9 une chaine youtube afin de partager avec d&rsquo;autres fans, nos bons plans, nos d\u00e9couvertes, nos impressions, etc.<\/p>\n\n\n\n<figure class=\"wp-block-image size-large\"><img loading=\"lazy\" decoding=\"async\" width=\"1024\" height=\"581\" src=\"http:\/\/parcsataimes.com\/wp-content\/uploads\/2024\/01\/Capture-decran-2024-01-25-150606-1024x581.png\" alt=\"\" class=\"wp-image-147\" srcset=\"https:\/\/parcsataimes.com\/wp-content\/uploads\/2024\/01\/Capture-decran-2024-01-25-150606-1024x581.png 1024w, https:\/\/parcsataimes.com\/wp-content\/uploads\/2024\/01\/Capture-decran-2024-01-25-150606-300x170.png 300w, https:\/\/parcsataimes.com\/wp-content\/uploads\/2024\/01\/Capture-decran-2024-01-25-150606-768x436.png 768w, https:\/\/parcsataimes.com\/wp-content\/uploads\/2024\/01\/Capture-decran-2024-01-25-150606.png 1494w\" sizes=\"auto, (max-width: 1024px) 100vw, 1024px\" \/><\/figure>\n\n\n\n<p>Mais voila, certains sujets ne m\u00e9ritent pas forc\u00e9ment de vid\u00e9os et c&rsquo;est pourquoi nous avons d\u00e9cid\u00e9s de mettre en place ce blog ou nous pourrons les y poster. <\/p>\n\n\n\n<p>On retrouvera ici, de l&rsquo;actualit\u00e9, des galleries d&rsquo;images de nos visites, et bien \u00e9videment des annonces pour nos vid\u00e9os.<\/p>\n\n\n\n<p>A tr\u00e8s bient\u00f4t pour de nouvelles aventures avec Parcsataimes !<\/p>\n\n\n\n<h2 class=\"wp-block-heading\">O\u00f9 nous retrouver ?<\/h2>\n\n\n\n<h3 class=\"wp-block-heading\">YOUTUBE<\/h3>\n\n\n\n<pre class=\"wp-block-preformatted\">Notre m\u00e9dia de coeur ou tout a commenc\u00e9 : <a href=\"https:\/\/www.youtube.com\/parcsataimes\"><strong>https:\/\/www.youtube.com\/parcsataimes<\/strong><\/a><\/pre>\n\n\n\n<h3 class=\"wp-block-heading\">X (ex TWITTER) et BlueSky<\/h3>\n\n\n\n<pre class=\"wp-block-preformatted\">Pour les infos en direct et l'interaction avec la communaut\u00e9 des parcs\/coasters fans : <strong><a href=\"https:\/\/twitter.com\/a_parcs\">https:\/\/twitter.com\/a_parcs<\/a><\/strong> et <a href=\"https:\/\/bsky.app\/profile\/parcsataimes.bsky.socials\"><strong>https:\/\/bsky.app\/profile\/parcsataimes.bsky.socials<\/strong><\/a><code><br><\/code><br><br><\/pre>\n","protected":false},"excerpt":{"rendered":"<p>Bonjour ! Nous sommes Lucas et Didier et si vous \u00eates ici c&rsquo;est que vous savez d\u00e9j\u00e0 que nous sommes fan de parcs d&rsquo;attraction ou animaliers. Depuis maintenant quelques ann\u00e9es,&hellip; <\/p>\n","protected":false},"author":1,"featured_media":0,"parent":0,"menu_order":0,"comment_status":"closed","ping_status":"open","template":"","meta":{"advgb_blocks_editor_width":"","advgb_blocks_columns_visual_guide":"","iawp_total_views":10,"footnotes":""},"class_list":["post-2","page","type-page","status-publish","hentry"],"coauthors":[],"author_meta":{"author_link":"https:\/\/parcsataimes.com\/index.php\/author\/admin1324\/","display_name":"La r\u00e9daction"},"relative_dates":{"created":"Publi\u00e9 2 ans il y a","modified":"Mis \u00e0 jour 1 an il y a"},"absolute_dates":{"created":"Publi\u00e9 le 15 janvier 2024","modified":"Mise \u00e0 jour le 25 janvier 2025"},"absolute_dates_time":{"created":"Publi\u00e9 le 15 janvier 2024 15h55","modified":"Mise \u00e0 jour le 25 janvier 2025 16h42"},"featured_img_caption":"","featured_img":false,"series_order":"","_links":{"self":[{"href":"https:\/\/parcsataimes.com\/index.php\/wp-json\/wp\/v2\/pages\/2","targetHints":{"allow":["GET"]}}],"collection":[{"href":"https:\/\/parcsataimes.com\/index.php\/wp-json\/wp\/v2\/pages"}],"about":[{"href":"https:\/\/parcsataimes.com\/index.php\/wp-json\/wp\/v2\/types\/page"}],"author":[{"embeddable":true,"href":"https:\/\/parcsataimes.com\/index.php\/wp-json\/wp\/v2\/users\/1"}],"replies":[{"embeddable":true,"href":"https:\/\/parcsataimes.com\/index.php\/wp-json\/wp\/v2\/comments?post=2"}],"version-history":[{"count":11,"href":"https:\/\/parcsataimes.com\/index.php\/wp-json\/wp\/v2\/pages\/2\/revisions"}],"predecessor-version":[{"id":1491,"href":"https:\/\/parcsataimes.com\/index.php\/wp-json\/wp\/v2\/pages\/2\/revisions\/1491"}],"wp:attachment":[{"href":"https:\/\/parcsataimes.com\/index.php\/wp-json\/wp\/v2\/media?parent=2"}],"curies":[{"name":"wp","href":"https:\/\/api.w.org\/{rel}","templated":true}]}}