{"id":330,"date":"2024-01-29T09:51:43","date_gmt":"2024-01-29T08:51:43","guid":{"rendered":"https:\/\/parcsataimes.com\/?page_id=330"},"modified":"2025-01-29T10:07:20","modified_gmt":"2025-01-29T09:07:20","slug":"mes-credits-coasters","status":"publish","type":"page","link":"https:\/\/parcsataimes.com\/index.php\/mes-credits-coasters\/","title":{"rendered":"Mes Cr\u00e9dits \/ Coasters"},"content":{"rendered":"\n<div class=\"wp-block-media-text is-stacked-on-mobile is-vertically-aligned-top\" style=\"grid-template-columns:15% auto\"><figure class=\"wp-block-media-text__media\"><img loading=\"lazy\" decoding=\"async\" width=\"613\" height=\"613\" src=\"https:\/\/parcsataimes.com\/wp-content\/uploads\/2024\/01\/roollcoas.webp\" alt=\"\" class=\"wp-image-357 size-full\" srcset=\"https:\/\/parcsataimes.com\/wp-content\/uploads\/2024\/01\/roollcoas.webp 613w, https:\/\/parcsataimes.com\/wp-content\/uploads\/2024\/01\/roollcoas-300x300.webp 300w, https:\/\/parcsataimes.com\/wp-content\/uploads\/2024\/01\/roollcoas-150x150.webp 150w\" sizes=\"auto, (max-width: 613px) 100vw, 613px\" \/><\/figure><div class=\"wp-block-media-text__content\">\n<h2 class=\"wp-block-heading\"><strong>Ma liste de cr\u00e9dits \u00e0 fin 2024<\/strong> &#8211; <strong>189\u00a0<\/strong><\/h2>\n\n\n\n<figure class=\"wp-block-table\"><table class=\"has-fixed-layout\"><tbody><tr><td><strong>Parcs (36)<\/strong><\/td><td><strong>Cr\u00e9dits (189)<\/strong><\/td><td><strong>Ann\u00e9e 1re fois<\/strong><\/td><\/tr><tr><td><\/td><td><\/td><td><\/td><\/tr><tr><td>Bellewaerde<\/td><td>Keverbaan<\/td><td>2009<\/td><\/tr><tr><td>Bellewaerde<\/td><td>Huracan<\/td><td>2014<\/td><\/tr><tr><td>Bellewaerde<\/td><td>Boomerang BL<\/td><td>2016<\/td><\/tr><tr><td>Bellewaerde<\/td><td>Dawson Duel Droite<\/td><td>2017<\/td><\/tr><tr><td>Walibi Belgium<\/td><td>Vampire<\/td><td>2016<\/td><\/tr><tr><td>Walibi Belgium<\/td><td>Loup-Garou<\/td><td>2016<\/td><\/tr><tr><td>Walibi Belgium<\/td><td>Tiki-Waka<\/td><td>2018<\/td><\/tr><tr><td>Walibi Belgium<\/td><td>Coccinelle Walibi Belgium<\/td><td>2016<\/td><\/tr><tr><td>Walibi Belgium<\/td><td>Calamity Mine<\/td><td>2016<\/td><\/tr><tr><td>Walibi Belgium<\/td><td>Fun Pilot<\/td><td>2019<\/td><\/tr><tr><td>Walibi Belgium<\/td><td>Cobra<\/td><td>2016<\/td><\/tr><tr><td>Walibi Belgium<\/td><td>Psyk\u00e9 Underground<\/td><td>2016<\/td><\/tr><tr><td>Walibi Belgium<\/td><td>Pulsar<\/td><td>2016<\/td><\/tr><tr><td>Plopsaland<\/td><td>Anubis<\/td><td>2018<\/td><\/tr><tr><td>Plopsaland<\/td><td>Heidi The Ride<\/td><td>2017<\/td><\/tr><tr><td>Plopsaland<\/td><td>K3 Roller Skater<\/td><td>2009<\/td><\/tr><tr><td>Plopsaland<\/td><td>Vleermuis<\/td><td>2013<\/td><\/tr><tr><td>Plopsaland<\/td><td>#LikeMe Coaster<\/td><td>2009<\/td><\/tr><tr><td>Plopsaland<\/td><td>Draak<\/td><td>2013<\/td><\/tr><tr><td>Plopsaland<\/td><td>Super Splach<\/td><td>2013<\/td><\/tr><tr><td>Europa Park<\/td><td>Silver Star<\/td><td>2018<\/td><\/tr><tr><td>Bobbejaanland<\/td><td>Typhoon<\/td><td>2020<\/td><\/tr><tr><td>Bobbejaanland<\/td><td>Naga Bay<\/td><td>2020<\/td><\/tr><tr><td>Bobbejaanland<\/td><td>Revolution<\/td><td>2020<\/td><\/tr><tr><td>Bobbejaanland<\/td><td>Speedy Bob<\/td><td>2020<\/td><\/tr><tr><td>Bobbejaanland<\/td><td>Dreamcatcher<\/td><td>2020<\/td><\/tr><tr><td>Bobbejaanland<\/td><td>Oki Doki<\/td><td>2020<\/td><\/tr><tr><td>Bobbejaanland<\/td><td>Bob Express<\/td><td>2020<\/td><\/tr><tr><td>Plosa Indoor Hasselt<\/td><td>Piratenbaan<\/td><td>2012<\/td><\/tr><tr><td>Plopsa Coo<\/td><td>Vicky The Ride<\/td><td>2012<\/td><\/tr><tr><td>Plopsa Coo<\/td><td>Coaster<\/td><td>2012<\/td><\/tr><tr><td>Efteling<\/td><td>Baron 1898<\/td><td>2018<\/td><\/tr><tr><td>Efteling<\/td><td>Joris et le Dragon Feu<\/td><td>2018<\/td><\/tr><tr><td>Efteling<\/td><td>Joris et le Dragon Eau<\/td><td>2019<\/td><\/tr><tr><td>Efteling<\/td><td>Bob<\/td><td>2018<\/td><\/tr><tr><td>Efteling<\/td><td>Python<\/td><td>2018<\/td><\/tr><tr><td>Efteling<\/td><td>Vogel Rok<\/td><td>2018<\/td><\/tr><tr><td>Toverland<\/td><td>Troy<\/td><td>2019<\/td><\/tr><tr><td>Toverland<\/td><td>Dwervelwind<\/td><td>2019<\/td><\/tr><tr><td>Toverland<\/td><td>Fenix<\/td><td>2019<\/td><\/tr><tr><td>Toverland<\/td><td>Toos-Express<\/td><td>2019<\/td><\/tr><tr><td>Toverland<\/td><td>Booster Bike<\/td><td>2019<\/td><\/tr><tr><td>Walibi Holland<\/td><td>Xpress: Plateform 13<\/td><td>2019<\/td><\/tr><tr><td>Walibi Holland<\/td><td>Goliath<\/td><td>2019<\/td><\/tr><tr><td>Walibi Holland<\/td><td>El Condor<\/td><td>2019<\/td><\/tr><tr><td>Walibi Holland<\/td><td>Untamed<\/td><td>2019<\/td><\/tr><tr><td>Walibi Holland<\/td><td>Lost Gravity<\/td><td>2019<\/td><\/tr><tr><td>Walibi Holland<\/td><td>Speed Of Sound<\/td><td>2019<\/td><\/tr><tr><td>Phantasialand<\/td><td>Black Mamba<\/td><td>2016<\/td><\/tr><tr><td>Phantasialand<\/td><td>Colorado Adventure<\/td><td>2016<\/td><\/tr><tr><td>Phantasialand<\/td><td>Taron<\/td><td>2016<\/td><\/tr><tr><td>Phantasialand<\/td><td>Raik<\/td><td>2016<\/td><\/tr><tr><td>Phantasialand<\/td><td>Winja s Fear<\/td><td>2016<\/td><\/tr><tr><td>Phantasialand<\/td><td>Winja s Force<\/td><td>2017<\/td><\/tr><tr><td>Phantasialand<\/td><td>Crazy Bats<\/td><td>2016<\/td><\/tr><tr><td>Europa Park<\/td><td>Atlantica SuperSplash<\/td><td>2018<\/td><\/tr><tr><td>Europa Park<\/td><td>Wodan<\/td><td>2018<\/td><\/tr><tr><td>Europa Park<\/td><td>blue fire<\/td><td>2018<\/td><\/tr><tr><td>Europa Park<\/td><td>Alpenexpress<\/td><td>2018<\/td><\/tr><tr><td>Europa Park<\/td><td>Arthur<\/td><td>2018<\/td><\/tr><tr><td>Europa Park<\/td><td>Euro-Mir<\/td><td>2018<\/td><\/tr><tr><td>Europa Park<\/td><td>Pose\u00efdon<\/td><td>2018<\/td><\/tr><tr><td>Europa Park<\/td><td>Pegasus<\/td><td>2018<\/td><\/tr><tr><td>Europa Park<\/td><td>Schweizer Bobbahn<\/td><td>2018<\/td><\/tr><tr><td>Europa Park<\/td><td>Ba-a-a-Express<\/td><td>2018<\/td><\/tr><tr><td>Europa Park<\/td><td>Matterhorn Blitz<\/td><td>2018<\/td><\/tr><tr><td>Holiday Park<\/td><td>Expedition GeForce<\/td><td>2019<\/td><\/tr><tr><td>Holiday Park<\/td><td>Sky Scream<\/td><td>2019<\/td><\/tr><tr><td>Holiday Park<\/td><td>Tabalugas Achterbahn<\/td><td>2019<\/td><\/tr><tr><td>Disneyland Paris<\/td><td>Big Thunder Mountain<\/td><td>2012<\/td><\/tr><tr><td>Disneyland Paris<\/td><td>Indiana Jones &amp; le Temple du Peril<\/td><td>2014<\/td><\/tr><tr><td>Disneyland Paris<\/td><td>Space Mountain<\/td><td>2015<\/td><\/tr><tr><td>Disneyland Paris<\/td><td>Casey Junior<\/td><td>2012<\/td><\/tr><tr><td>Disneyland Paris Studio<\/td><td>Rock n Roller Coaster<\/td><td>2014<\/td><\/tr><tr><td>Disneyland Paris Studio<\/td><td>Crush s Coaster<\/td><td>2012<\/td><\/tr><tr><td>Disneyland Paris Studio<\/td><td>RC Racer<\/td><td>2015<\/td><\/tr><tr><td>Parc Asterix<\/td><td>OzIris<\/td><td>2017<\/td><\/tr><tr><td>Parc Asterix<\/td><td>Goudurix<\/td><td>2019<\/td><\/tr><tr><td>Parc Asterix<\/td><td>SOS Num\u00e9robis<\/td><td>2019<\/td><\/tr><tr><td>Parc Asterix<\/td><td>La trace du Hourra<\/td><td>2017<\/td><\/tr><tr><td>Parc Asterix<\/td><td>P\u00e9gase Express<\/td><td>2017<\/td><\/tr><tr><td>Parc Asterix<\/td><td>Vol d Icare<\/td><td>2019<\/td><\/tr><tr><td>Parc Asterix<\/td><td>Tonerre de Zeus<\/td><td>2017<\/td><\/tr><tr><td>Nigloland<\/td><td>Gold Mine Train<\/td><td>2019<\/td><\/tr><tr><td>Nigloland<\/td><td>Alpina Blitz<\/td><td>2019<\/td><\/tr><tr><td>Nigloland<\/td><td>Schlitt Express<\/td><td>2019<\/td><\/tr><tr><td>Nigloland<\/td><td>Spatiale Experience<\/td><td>2019<\/td><\/tr><tr><td>Port Aventura<\/td><td>Shambhala<\/td><td>2017<\/td><\/tr><tr><td>Port Aventura<\/td><td>Dragon Khan<\/td><td>2017<\/td><\/tr><tr><td>Port Aventura<\/td><td>Stampida Bleu<\/td><td>2017<\/td><\/tr><tr><td>Port Aventura<\/td><td>Stampida Rouge<\/td><td>2017<\/td><\/tr><tr><td>Port Aventura<\/td><td>Furius Baco<\/td><td>2017<\/td><\/tr><tr><td>Port Aventura<\/td><td>Tomahawk<\/td><td>2017<\/td><\/tr><tr><td>Port Aventura<\/td><td>El Diablo<\/td><td>2017<\/td><\/tr><tr><td>Port Aventura<\/td><td>Tami-Tami<\/td><td>2017<\/td><\/tr><tr><td>Ferrari Land<\/td><td>Red Force<\/td><td>2017<\/td><\/tr><tr><td>Terra Mitica<\/td><td>Alucinakis<\/td><td>2016<\/td><\/tr><tr><td>Terra Mitica<\/td><td>Inferno<\/td><td>2016<\/td><\/tr><tr><td>Terra Mitica<\/td><td>Titanide<\/td><td>2016<\/td><\/tr><tr><td>Bobbejaanland<\/td><td>Fury<\/td><td>2020<\/td><\/tr><tr><td>Faliraki Water Park<\/td><td>Brucomella<\/td><td>2013<\/td><\/tr><tr><td>Imst<\/td><td>Imst Alpine Coaster<\/td><td>2020<\/td><\/tr><tr><td>Efteling<\/td><td>Vliegende Hollander<\/td><td>2018<\/td><\/tr><tr><td>Walibi Belgium<\/td><td>Kondaa<\/td><td>2021<\/td><\/tr><tr><td>Bellewaerde<\/td><td>Wakala<\/td><td>2021<\/td><\/tr><tr><td>Fun Park Biograd<\/td><td>Alien<\/td><td>2021<\/td><\/tr><tr><td>Fun Park Biograd<\/td><td>Big Blue<\/td><td>2021<\/td><\/tr><tr><td>Fun Park Biograd<\/td><td>Mine Train Coaster<\/td><td>2021<\/td><\/tr><tr><td>Fun Park Biograd<\/td><td>Atlantis<\/td><td>2021<\/td><\/tr><tr><td>Plopsaland<\/td><td>The Ride to Happiness<\/td><td>2021<\/td><\/tr><tr><td>Phantasialand<\/td><td>F.L.Y.<\/td><td>2021<\/td><\/tr><tr><td>Toverland<\/td><td>Maximus Blitz Bahn<\/td><td>2021<\/td><\/tr><tr><td>Boudewijn Seapark<\/td><td>Orca Ride<\/td><td>2010<\/td><\/tr><tr><td>Walibi Holland<\/td><td>Drako<\/td><td>2019<\/td><\/tr><tr><td>R\u00e9gie des Saisies<\/td><td>Mountain Twister<\/td><td>2018<\/td><\/tr><tr><td>Tripsdrill<\/td><td>Volldampf<\/td><td>2022<\/td><\/tr><tr><td>Tripsdrill<\/td><td>Karacho<\/td><td>2022<\/td><\/tr><tr><td>Tripsdrill<\/td><td>Mammut<\/td><td>2022<\/td><\/tr><tr><td>Tripsdrill<\/td><td>Rasender Tausendf\u00fcssler<\/td><td>2022<\/td><\/tr><tr><td>Tripsdrill<\/td><td>Hals-uber-Koph<\/td><td>2022<\/td><\/tr><tr><td>Alpyland Mottarone<\/td><td>Mottarone Alpine Coaster<\/td><td>2022<\/td><\/tr><tr><td>Le Pal<\/td><td>Le tigre de Sib\u00e9rie<\/td><td>2022<\/td><\/tr><tr><td>Le Pal<\/td><td>Twist<\/td><td>2022<\/td><\/tr><tr><td>Le Pal<\/td><td>Yukon Quad<\/td><td>2022<\/td><\/tr><tr><td>Le Pal<\/td><td>Azteka<\/td><td>2022<\/td><\/tr><tr><td>Walibi Rh\u00f4ne-Alpes<\/td><td>Coccinelle Walibi RA<\/td><td>2022<\/td><\/tr><tr><td>Walibi Rh\u00f4ne-Alpes<\/td><td>Woodstock Express<\/td><td>2022<\/td><\/tr><tr><td>Walibi Rh\u00f4ne-Alpes<\/td><td>Timber<\/td><td>2022<\/td><\/tr><tr><td>Walibi Rh\u00f4ne-Alpes<\/td><td>Generator<\/td><td>2022<\/td><\/tr><tr><td>Walibi Rh\u00f4ne-Alpes<\/td><td>Mystic<\/td><td>2022<\/td><\/tr><tr><td>Movie Park Germany<\/td><td>Van Helsing s Factory<\/td><td>2022<\/td><\/tr><tr><td>Movie Park Germany<\/td><td>Backyardigans: Mission to Mars<\/td><td>2022<\/td><\/tr><tr><td>Movie Park Germany<\/td><td>Ghost Chasers<\/td><td>2022<\/td><\/tr><tr><td>Movie Park Germany<\/td><td>Jimmy Neutron&rsquo;s Atomic Flyer<\/td><td>2022<\/td><\/tr><tr><td>Movie Park Germany<\/td><td>MP-Xpress<\/td><td>2022<\/td><\/tr><tr><td>Movie Park Germany<\/td><td>Movie Park Studio Tour<\/td><td>2022<\/td><\/tr><tr><td>Movie Park Germany<\/td><td>Star Trek: Operation Enterprise<\/td><td>2022<\/td><\/tr><tr><td>Movie Park Germany<\/td><td>Bandit<\/td><td>2022<\/td><\/tr><tr><td>Efteling<\/td><td>Max + Moritz &#8211; Max<\/td><td>2022<\/td><\/tr><tr><td>Efteling<\/td><td>Max + Moritz &#8211; Moritz<\/td><td>2022<\/td><\/tr><tr><td>Hansa-Park<\/td><td>Royal Scotsman<\/td><td>2023<\/td><\/tr><tr><td>Hansa-Park<\/td><td>Flucht von Novgorod<\/td><td>2023<\/td><\/tr><tr><td>Hansa-Park<\/td><td>Schwur des K\u00e4rnan<\/td><td>2023<\/td><\/tr><tr><td>Hansa-Park<\/td><td>Crazy Mine<\/td><td>2023<\/td><\/tr><tr><td>Hansa-Park<\/td><td>Nessie<\/td><td>2023<\/td><\/tr><tr><td>Hansa-Park<\/td><td>Kleine Zar<\/td><td>2023<\/td><\/tr><tr><td>Hansa-Park<\/td><td>Schlange von Midgard<\/td><td>2023<\/td><\/tr><tr><td>Tivoli Gardens<\/td><td>D\u00e6monen<\/td><td>2023<\/td><\/tr><tr><td>Tivoli Gardens<\/td><td>M\u00e6lkevejen<\/td><td>2023<\/td><\/tr><tr><td>Tivoli Gardens<\/td><td>Rutschebanen<\/td><td>2023<\/td><\/tr><tr><td>Heide-Park<\/td><td>Krake<\/td><td>2023<\/td><\/tr><tr><td>Heide-Park<\/td><td>Big Loop<\/td><td>2023<\/td><\/tr><tr><td>Heide-Park<\/td><td>Bobbahn<\/td><td>2023<\/td><\/tr><tr><td>Heide-Park<\/td><td>Flug der D\u00e4monen<\/td><td>2023<\/td><\/tr><tr><td>Heide-Park<\/td><td>Colossos<\/td><td>2023<\/td><\/tr><tr><td>Heide-Park<\/td><td>Desert Race<\/td><td>2023<\/td><\/tr><tr><td>Heide-Park<\/td><td>Grottenblitz<\/td><td>2023<\/td><\/tr><tr><td>Heide-Park<\/td><td>Indy-Blitz<\/td><td>2023<\/td><\/tr><tr><td>Heide-Park<\/td><td>Toxic Garden<\/td><td>2023<\/td><\/tr><tr><td>Bellewaerde<\/td><td>Dawson Duel Gauche<\/td><td>2017<\/td><\/tr><tr><td>Parc Asterix<\/td><td>Toutatis<\/td><td>2023<\/td><\/tr><tr><td>Parc Asterix<\/td><td>Tonerre 2 Zeus<\/td><td>2023<\/td><\/tr><tr><td>La Mer de Sable<\/td><td>Silver Mountain<\/td><td>2023<\/td><\/tr><tr><td>La Mer de Sable<\/td><td>Tiger Express<\/td><td>2023<\/td><\/tr><tr><td>La Mer de Sable<\/td><td>Bandidos<\/td><td>2023<\/td><\/tr><tr><td>Tripsdrill<\/td><td>G&rsquo;sengte Sau<\/td><td>2024<\/td><\/tr><tr><td>Nigloland<\/td><td>Krampus Exp\u00e9dition<\/td><td>2024<\/td><\/tr><tr><td>Nigloland<\/td><td>Noisette Express<\/td><td>2024<\/td><\/tr><tr><td>Tatranska Lomnica <sup>new<\/sup><\/td><td>Tratrabob<\/td><td>2024<\/td><\/tr><tr><td>Czorsztyn-ski <sup>new<\/sup><\/td><td>Kolejka Gorska<\/td><td>2024<\/td><\/tr><tr><td>Energylandia <sup>new<\/sup><\/td><td>Formula<\/td><td>2024<\/td><\/tr><tr><td>Energylandia<\/td><td>Choco Chip Creek<\/td><td>2024<\/td><\/tr><tr><td>Energylandia<\/td><td>Abyssus<\/td><td>2024<\/td><\/tr><tr><td>Energylandia<\/td><td>Light Explorers<\/td><td>2024<\/td><\/tr><tr><td>Energylandia<\/td><td>Frida<\/td><td>2024<\/td><\/tr><tr><td>Energylandia<\/td><td>Draken<\/td><td>2024<\/td><\/tr><tr><td>Energylandia<\/td><td>Honey Harbour<\/td><td>2024<\/td><\/tr><tr><td>Energylandia<\/td><td>Boomerang EL<\/td><td>2024<\/td><\/tr><tr><td>Energylandia<\/td><td>Energus<\/td><td>2024<\/td><\/tr><tr><td>Energylandia<\/td><td>Dragon Roller Coaster<\/td><td>2024<\/td><\/tr><tr><td>Energylandia<\/td><td>Hyperion<\/td><td>2024<\/td><\/tr><tr><td>Energylandia<\/td><td>Speed<\/td><td>2024<\/td><\/tr><tr><td>Energylandia<\/td><td>Roller Coaster Mayan<\/td><td>2024<\/td><\/tr><tr><td>Energylandia<\/td><td>Zadra<\/td><td>2024<\/td><\/tr><tr><td>Energylandia<\/td><td>Viking Roller Coaster<\/td><td>2024<\/td><\/tr><tr><td>Energylandia<\/td><td>Frutti Loop Coaster<\/td><td>2024<\/td><\/tr><tr><td>Energylandia<\/td><td>Circus Coaster<\/td><td>2024<\/td><\/tr><tr><td>Energylandia<\/td><td>Mars<\/td><td>2024<\/td><\/tr><tr><td>Energylandia<\/td><td>Happy Loops<\/td><td>2024<\/td><\/tr><\/tbody><\/table><\/figure>\n<\/div><\/div>\n","protected":false},"excerpt":{"rendered":"<p>Ma liste de cr\u00e9dits \u00e0 fin 2024 &#8211; 189\u00a0 Parcs (36) Cr\u00e9dits (189) Ann\u00e9e 1re fois Bellewaerde Keverbaan 2009 Bellewaerde Huracan 2014 Bellewaerde Boomerang BL 2016 Bellewaerde Dawson Duel Droite&hellip; <\/p>\n","protected":false},"author":1,"featured_media":0,"parent":0,"menu_order":0,"comment_status":"closed","ping_status":"closed","template":"","meta":{"advgb_blocks_editor_width":"","advgb_blocks_columns_visual_guide":"","iawp_total_views":8,"footnotes":""},"class_list":["post-330","page","type-page","status-publish","hentry"],"coauthors":[],"author_meta":{"author_link":"https:\/\/parcsataimes.com\/index.php\/author\/admin1324\/","display_name":"La r\u00e9daction"},"relative_dates":{"created":"Publi\u00e9 2 ans il y a","modified":"Mis \u00e0 jour 1 an il y a"},"absolute_dates":{"created":"Publi\u00e9 le 29 janvier 2024","modified":"Mise \u00e0 jour le 29 janvier 2025"},"absolute_dates_time":{"created":"Publi\u00e9 le 29 janvier 2024 9h51","modified":"Mise \u00e0 jour le 29 janvier 2025 10h07"},"featured_img_caption":"","featured_img":false,"series_order":"","_links":{"self":[{"href":"https:\/\/parcsataimes.com\/index.php\/wp-json\/wp\/v2\/pages\/330","targetHints":{"allow":["GET"]}}],"collection":[{"href":"https:\/\/parcsataimes.com\/index.php\/wp-json\/wp\/v2\/pages"}],"about":[{"href":"https:\/\/parcsataimes.com\/index.php\/wp-json\/wp\/v2\/types\/page"}],"author":[{"embeddable":true,"href":"https:\/\/parcsataimes.com\/index.php\/wp-json\/wp\/v2\/users\/1"}],"replies":[{"embeddable":true,"href":"https:\/\/parcsataimes.com\/index.php\/wp-json\/wp\/v2\/comments?post=330"}],"version-history":[{"count":7,"href":"https:\/\/parcsataimes.com\/index.php\/wp-json\/wp\/v2\/pages\/330\/revisions"}],"predecessor-version":[{"id":1537,"href":"https:\/\/parcsataimes.com\/index.php\/wp-json\/wp\/v2\/pages\/330\/revisions\/1537"}],"wp:attachment":[{"href":"https:\/\/parcsataimes.com\/index.php\/wp-json\/wp\/v2\/media?parent=330"}],"curies":[{"name":"wp","href":"https:\/\/api.w.org\/{rel}","templated":true}]}}